{"id":19,"date":"2017-03-29T14:40:55","date_gmt":"2017-03-29T12:40:55","guid":{"rendered":"http:\/\/www.quadrafortis.it\/?page_id=19"},"modified":"2017-07-06T16:12:40","modified_gmt":"2017-07-06T14:12:40","slug":"chi-siamo","status":"publish","type":"page","link":"https:\/\/www.quadrafortis.it\/index.php\/chi-siamo\/","title":{"rendered":"Chi siamo"},"content":{"rendered":"<div id=\"pl-19\"  class=\"panel-layout\" ><div id=\"pg-19-0\"  class=\"panel-grid panel-has-style\" ><div style=\"padding: 40px 0; \" data-overlay=\"true\" data-overlay-color=\"#000000\" class=\"panel-row-style panel-row-style-for-19-0\" ><div id=\"pgc-19-0-0\"  class=\"panel-grid-cell\" ><div id=\"panel-19-0-0-0\" class=\"so-panel widget widget_sow-editor panel-first-child panel-last-child\" data-index=\"0\" ><div style=\"text-align: left;\" data-title-color=\"#443f3f\" data-headings-color=\"#443f3f\" class=\"panel-widget-style panel-widget-style-for-19-0-0-0\" ><div\n\t\t\t\n\t\t\tclass=\"so-widget-sow-editor so-widget-sow-editor-base\"\n\t\t\t\n\t\t>\n<div class=\"siteorigin-widget-tinymce textwidget\">\n\t<h2>Oltre 40 anni di esperienza<\/h2>\n<p><strong>Fortis Angelo srl<\/strong> nasce a San Maurizio d\u2019Opaglio (No) nel 1974 come <strong>produttore di conchiglie per la fusione dell\u2019ottone.<\/strong><br \/>\nQuadra srl viene fondata a Gozzano nel 1996 grazie a Castelli Massimiliano e Ruga Gilberto, ex dipendenti Fortis, e a Frattini Maurizio. <strong>Specializzata nella costruzione di stampi per materie plastiche<\/strong>, nonch\u00e8 dello stampaggio vero e proprio, diviene ben presto un punto di riferimento per l\u2019industria della formatura di prodotti termoplastici.<br \/>\nLe due aziende hanno sempre mantenuto e sviluppato un rapporto di collaborazione, soprattutto a livello tecnico.<\/p>\n<p><strong>Nel 2015<\/strong> Quadra acquista le quote di Fortis e prende cos\u00ec vita il <strong>nuovo marchio Quadra-Fortis<\/strong>. Questa operazione, voluta fortemente dai tre soci Quadra, si ispirava alla necessit\u00e0 di potenziare ulteriormente le capacit\u00e0 produttive, tecniche e di servizio al cliente delle singole unit\u00e0, mantenendo la denominazione Fortis Angelo srl.<br \/>\nAttualmente l\u2019azienda conta 16 dipendenti di cui 5 dedicati alla progettazione. La loro specializzazione, unita a un parco macchine di elevata precisione produttiva, \u00e8\u00a0uno dei suoi punti di forza.<\/p>\n<\/div>\n<\/div><\/div><\/div><\/div><div id=\"pgc-19-0-1\"  class=\"panel-grid-cell\" ><div id=\"panel-19-0-1-0\" class=\"so-panel widget widget_sow-slider panel-first-child panel-last-child\" data-index=\"1\" ><div style=\"text-align: left;\" data-title-color=\"#443f3f\" data-headings-color=\"#443f3f\" class=\"panel-widget-style panel-widget-style-for-19-0-1-0\" ><div\n\t\t\t\n\t\t\tclass=\"so-widget-sow-slider so-widget-sow-slider-default-53fd0f98de19-19\"\n\t\t\t\n\t\t><div class=\"sow-slider-base\" style=\"display: none\"><ul\n\t\t\t\t\tclass=\"sow-slider-images\"\n\t\t\t\t\tdata-settings=\"{&quot;pagination&quot;:true,&quot;speed&quot;:800,&quot;timeout&quot;:8000,&quot;paused&quot;:false,&quot;pause_on_hover&quot;:false,&quot;swipe&quot;:true,&quot;nav_always_show_desktop&quot;:&quot;&quot;,&quot;nav_always_show_mobile&quot;:&quot;&quot;,&quot;breakpoint&quot;:&quot;780px&quot;,&quot;unmute&quot;:false,&quot;anchor&quot;:null}\"\n\t\t\t\t\t\t\t\t\t\tdata-anchor-id=\"\"\n\t\t\t\t>\t\t<li class=\"sow-slider-image  sow-slider-image-cover\" style=\"background-image: url(http:\/\/placehold.it\/800x500)\" >\n\t\t\t\t\t\t<div class=\"sow-slider-image-container\">\n\t\t\t\t<div class=\"sow-slider-image-wrapper\" style=\"max-width: 800px\">\n\t\t\t\t\t\t\t\t\t\t<div class=\"sow-slider-image-foreground-wrapper\">\n\t\t\t\t\t\t<img width=\"800\" height=\"500\" src=\"https:\/\/www.quadrafortis.it\/wp-content\/uploads\/2017\/03\/quadra-fortis-angelo-meccanica-di-precisione.jpg\" class=\"sow-slider-foreground-image skip-lazy\" alt=\"\" loading=\"eager\" style=\"\" srcset=\"https:\/\/www.quadrafortis.it\/wp-content\/uploads\/2017\/03\/quadra-fortis-angelo-meccanica-di-precisione.jpg 800w, https:\/\/www.quadrafortis.it\/wp-content\/uploads\/2017\/03\/quadra-fortis-angelo-meccanica-di-precisione-300x188.jpg 300w, https:\/\/www.quadrafortis.it\/wp-content\/uploads\/2017\/03\/quadra-fortis-angelo-meccanica-di-precisione-768x480.jpg 768w, https:\/\/www.quadrafortis.it\/wp-content\/uploads\/2017\/03\/quadra-fortis-angelo-meccanica-di-precisione-230x144.jpg 230w, https:\/\/www.quadrafortis.it\/wp-content\/uploads\/2017\/03\/quadra-fortis-angelo-meccanica-di-precisione-350x219.jpg 350w, https:\/\/www.quadrafortis.it\/wp-content\/uploads\/2017\/03\/quadra-fortis-angelo-meccanica-di-precisione-480x300.jpg 480w\" sizes=\"(max-width: 800px) 100vw, 800px\" \/>\t\t\t\t\t<\/div>\n\t\t\t\t\t\t\t\t\t<\/div>\n\t\t\t<\/div>\n\t\t\t\t\t<\/li>\n\t\t<\/ul>\t\t\t\t<ol class=\"sow-slider-pagination\">\n\t\t\t\t\t\t\t\t\t\t\t<li><a href=\"#\" data-goto=\"0\" aria-label=\"display slide 1\"><\/a><\/li>\n\t\t\t\t\t\t\t\t\t<\/ol>\n\n\t\t\t\t<div class=\"sow-slide-nav sow-slide-nav-next\">\n\t\t\t\t\t<a href=\"#\" data-goto=\"next\" aria-label=\"next slide\" data-action=\"next\">\n\t\t\t\t\t\t<em class=\"sow-sld-icon-thin-right\"><\/em>\n\t\t\t\t\t<\/a>\n\t\t\t\t<\/div>\n\n\t\t\t\t<div class=\"sow-slide-nav sow-slide-nav-prev\">\n\t\t\t\t\t<a href=\"#\" data-goto=\"previous\" aria-label=\"previous slide\" data-action=\"prev\">\n\t\t\t\t\t\t<em class=\"sow-sld-icon-thin-left\"><\/em>\n\t\t\t\t\t<\/a>\n\t\t\t\t<\/div>\n\t\t\t\t<\/div><\/div><\/div><\/div><\/div><\/div><\/div><\/div>","protected":false},"excerpt":{"rendered":"<p>Oltre 40 anni di esperienza Fortis Angelo srl nasce a San Maurizio d\u2019Opaglio (No) nel 1974 come produttore di conchiglie per la fusione dell\u2019ottone. Quadra srl viene fondata a Gozzano nel 1996 grazie a Castelli Massimiliano e Ruga Gilberto, ex dipendenti Fortis, e a Frattini Maurizio. Specializzata nella costruzione di stampi per materie plastiche, nonch\u00e8 [&hellip;]<\/p>\n","protected":false},"author":1,"featured_media":165,"parent":0,"menu_order":0,"comment_status":"closed","ping_status":"closed","template":"page-templates\/page_fullwidth.php","meta":[],"_links":{"self":[{"href":"https:\/\/www.quadrafortis.it\/index.php\/wp-json\/wp\/v2\/pages\/19"}],"collection":[{"href":"https:\/\/www.quadrafortis.it\/index.php\/wp-json\/wp\/v2\/pages"}],"about":[{"href":"https:\/\/www.quadrafortis.it\/index.php\/wp-json\/wp\/v2\/types\/page"}],"author":[{"embeddable":true,"href":"https:\/\/www.quadrafortis.it\/index.php\/wp-json\/wp\/v2\/users\/1"}],"replies":[{"embeddable":true,"href":"https:\/\/www.quadrafortis.it\/index.php\/wp-json\/wp\/v2\/comments?post=19"}],"version-history":[{"count":16,"href":"https:\/\/www.quadrafortis.it\/index.php\/wp-json\/wp\/v2\/pages\/19\/revisions"}],"predecessor-version":[{"id":258,"href":"https:\/\/www.quadrafortis.it\/index.php\/wp-json\/wp\/v2\/pages\/19\/revisions\/258"}],"wp:featuredmedia":[{"embeddable":true,"href":"https:\/\/www.quadrafortis.it\/index.php\/wp-json\/wp\/v2\/media\/165"}],"wp:attachment":[{"href":"https:\/\/www.quadrafortis.it\/index.php\/wp-json\/wp\/v2\/media?parent=19"}],"curies":[{"name":"wp","href":"https:\/\/api.w.org\/{rel}","templated":true}]}}